{"id":42265,"date":"2025-05-27T20:37:58","date_gmt":"2025-05-27T20:37:58","guid":{"rendered":"https:\/\/new.queenston.net\/?page_id=42265"},"modified":"2025-05-29T14:16:22","modified_gmt":"2025-05-29T14:16:22","slug":"reports","status":"publish","type":"page","link":"https:\/\/new.queenston.net\/fr\/reports\/","title":{"rendered":"Reports"},"content":{"rendered":"<div data-elementor-type=\"wp-page\" data-elementor-id=\"42265\" class=\"elementor elementor-42265\" data-elementor-post-type=\"page\">\n\t\t\t\t\t\t<section class=\"elementor-section elementor-top-section elementor-element elementor-element-8c0afe0 elementor-section-boxed elementor-section-height-default elementor-section-height-default elementor-invisible\" data-id=\"8c0afe0\" data-element_type=\"section\" data-e-type=\"section\" data-settings=\"{&quot;background_background&quot;:&quot;classic&quot;,&quot;animation&quot;:&quot;zoomIn&quot;}\">\n\t\t\t\t\t\t<div class=\"elementor-container elementor-column-gap-default\">\n\t\t\t\t\t<div class=\"elementor-column elementor-col-100 elementor-top-column elementor-element elementor-element-9146ca9\" data-id=\"9146ca9\" data-element_type=\"column\" data-e-type=\"column\">\n\t\t\t<div class=\"elementor-widget-wrap elementor-element-populated\">\n\t\t\t\t\t\t<div class=\"elementor-element elementor-element-469de7b elementor-widget-divider--view-line_text elementor-widget-divider--element-align-center elementor-widget elementor-widget-divider\" data-id=\"469de7b\" data-element_type=\"widget\" data-e-type=\"widget\" data-widget_type=\"divider.default\">\n\t\t\t\t<div class=\"elementor-widget-container\">\n\t\t\t\t\t\t\t<div class=\"elementor-divider\">\n\t\t\t<span class=\"elementor-divider-separator\">\n\t\t\t\t\t\t\t<h2 class=\"elementor-divider__text elementor-divider__element\">\n\t\t\t\tMarket Benchmark & Metrics Report\t\t\t\t<\/h2>\n\t\t\t\t\t\t<\/span>\n\t\t<\/div>\n\t\t\t\t\t\t<\/div>\n\t\t\t\t<\/div>\n\t\t\t\t<div class=\"elementor-element elementor-element-e0f6a31 elementor-grid-5 elementor-grid-tablet-3 elementor-grid-mobile-2 elementor-products-grid elementor-wc-products elementor-widget elementor-widget-woocommerce-products\" data-id=\"e0f6a31\" data-element_type=\"widget\" data-e-type=\"widget\" data-widget_type=\"woocommerce-products.default\">\n\t\t\t\t<div class=\"elementor-widget-container\">\n\t\t\t\t\t<div class=\"woocommerce columns-5\"><ul class=\"products elementor-grid columns-5\">\n<li class=\"desktop-align-left tablet-align-left mobile-align-left ast-product-gallery-layout-horizontal-slider ast-product-gallery-with-no-image ast-magnify-disabled ast-product-tabs-layout-horizontal product type-product post-42252 status-publish first instock product_cat-reports has-post-thumbnail downloadable taxable shipping-taxable purchasable product-type-simple\">\n\t<a href=\"https:\/\/new.queenston.net\/fr\/produit\/market-benchmark-metrics-report-20-transactions\/\" class=\"woocommerce-LoopProduct-link woocommerce-loop-product__link\"><img fetchpriority=\"high\" decoding=\"async\" width=\"300\" height=\"300\" src=\"https:\/\/new.queenston.net\/wp-content\/uploads\/2025\/05\/arket-Benchmark-and-Metrics-Report-20-300x300.png\" class=\"attachment-woocommerce_thumbnail size-woocommerce_thumbnail\" alt=\"Benchmark and Metrics Report 20\" srcset=\"https:\/\/new.queenston.net\/wp-content\/uploads\/2025\/05\/arket-Benchmark-and-Metrics-Report-20-300x300.png 300w, https:\/\/new.queenston.net\/wp-content\/uploads\/2025\/05\/arket-Benchmark-and-Metrics-Report-20-100x100.png 100w, https:\/\/new.queenston.net\/wp-content\/uploads\/2025\/05\/arket-Benchmark-and-Metrics-Report-20-800x800.png 800w, https:\/\/new.queenston.net\/wp-content\/uploads\/2025\/05\/arket-Benchmark-and-Metrics-Report-20-1024x1024.png 1024w, https:\/\/new.queenston.net\/wp-content\/uploads\/2025\/05\/arket-Benchmark-and-Metrics-Report-20-150x150.png 150w, https:\/\/new.queenston.net\/wp-content\/uploads\/2025\/05\/arket-Benchmark-and-Metrics-Report-20-768x768.png 768w, https:\/\/new.queenston.net\/wp-content\/uploads\/2025\/05\/arket-Benchmark-and-Metrics-Report-20-12x12.png 12w, https:\/\/new.queenston.net\/wp-content\/uploads\/2025\/05\/arket-Benchmark-and-Metrics-Report-20.png 1080w\" sizes=\"(max-width: 300px) 100vw, 300px\" \/><h2 class=\"woocommerce-loop-product__title\">Rapport de valorisation et indicateurs de march\u00e9 20 Transactions<\/h2>\n\t<span class=\"price\"><span class=\"woocommerce-Price-amount amount\"><bdi><span class=\"woocommerce-Price-currencySymbol\">&#36;<\/span>5,000.00<\/bdi><\/span><\/span>\n<\/a><a href=\"\/fr\/wp-json\/wp\/v2\/pages\/42265?add-to-cart=42252\" aria-describedby=\"woocommerce_loop_add_to_cart_link_describedby_42252\" data-quantity=\"1\" class=\"button product_type_simple add_to_cart_button ajax_add_to_cart\" data-product_id=\"42252\" data-product_sku=\"\" aria-label=\"Ajouter au panier\u00a0: \u201cMarket Benchmark &amp; Metrics Report 20 Transactions\u201d\" rel=\"nofollow\" data-success_message=\"\u00ab\u00a0Market Benchmark &amp; Metrics Report 20 Transactions\u00a0\u00bb a \u00e9t\u00e9 ajout\u00e9 \u00e0 votre panier\" data-no-translation=\"\" data-trp-gettext=\"\" data-no-translation-aria-label=\"\" data-no-translation-data-success_message=\"\">Ajouter au panier<\/a>\t<span id=\"woocommerce_loop_add_to_cart_link_describedby_42252\" class=\"screen-reader-text\">\n\t\t\t<\/span>\n<\/li>\n<li class=\"desktop-align-left tablet-align-left mobile-align-left ast-product-gallery-layout-horizontal-slider ast-product-gallery-with-no-image ast-magnify-disabled ast-product-tabs-layout-horizontal product type-product post-42248 status-publish instock product_cat-reports has-post-thumbnail downloadable taxable shipping-taxable purchasable product-type-simple\">\n\t<a href=\"https:\/\/new.queenston.net\/fr\/produit\/market-benchmark-metrics-report-15-transactions\/\" class=\"woocommerce-LoopProduct-link woocommerce-loop-product__link\"><img decoding=\"async\" width=\"300\" height=\"300\" src=\"https:\/\/new.queenston.net\/wp-content\/uploads\/2025\/05\/arket-Benchmark-and-Metrics-Report-15-300x300.png\" class=\"attachment-woocommerce_thumbnail size-woocommerce_thumbnail\" alt=\"Benchmark and Metrics Report 15\" srcset=\"https:\/\/new.queenston.net\/wp-content\/uploads\/2025\/05\/arket-Benchmark-and-Metrics-Report-15-300x300.png 300w, https:\/\/new.queenston.net\/wp-content\/uploads\/2025\/05\/arket-Benchmark-and-Metrics-Report-15-100x100.png 100w, https:\/\/new.queenston.net\/wp-content\/uploads\/2025\/05\/arket-Benchmark-and-Metrics-Report-15-800x800.png 800w, https:\/\/new.queenston.net\/wp-content\/uploads\/2025\/05\/arket-Benchmark-and-Metrics-Report-15-1024x1024.png 1024w, https:\/\/new.queenston.net\/wp-content\/uploads\/2025\/05\/arket-Benchmark-and-Metrics-Report-15-150x150.png 150w, https:\/\/new.queenston.net\/wp-content\/uploads\/2025\/05\/arket-Benchmark-and-Metrics-Report-15-768x768.png 768w, https:\/\/new.queenston.net\/wp-content\/uploads\/2025\/05\/arket-Benchmark-and-Metrics-Report-15-12x12.png 12w, https:\/\/new.queenston.net\/wp-content\/uploads\/2025\/05\/arket-Benchmark-and-Metrics-Report-15.png 1080w\" sizes=\"(max-width: 300px) 100vw, 300px\" \/><h2 class=\"woocommerce-loop-product__title\">Market Benchmark &#038; Metrics Report 15 Transactions<\/h2>\n\t<span class=\"price\"><span class=\"woocommerce-Price-amount amount\"><bdi><span class=\"woocommerce-Price-currencySymbol\">&#36;<\/span>3,500.00<\/bdi><\/span><\/span>\n<\/a><a href=\"\/fr\/wp-json\/wp\/v2\/pages\/42265?add-to-cart=42248\" aria-describedby=\"woocommerce_loop_add_to_cart_link_describedby_42248\" data-quantity=\"1\" class=\"button product_type_simple add_to_cart_button ajax_add_to_cart\" data-product_id=\"42248\" data-product_sku=\"\" aria-label=\"Ajouter au panier\u00a0: \u201cMarket Benchmark &amp; Metrics Report 15 Transactions\u201d\" rel=\"nofollow\" data-success_message=\"\u00ab\u00a0Market Benchmark &amp; Metrics Report 15 Transactions\u00a0\u00bb a \u00e9t\u00e9 ajout\u00e9 \u00e0 votre panier\" data-no-translation=\"\" data-trp-gettext=\"\" data-no-translation-aria-label=\"\" data-no-translation-data-success_message=\"\">Ajouter au panier<\/a>\t<span id=\"woocommerce_loop_add_to_cart_link_describedby_42248\" class=\"screen-reader-text\">\n\t\t\t<\/span>\n<\/li>\n<li class=\"desktop-align-left tablet-align-left mobile-align-left ast-product-gallery-layout-horizontal-slider ast-product-gallery-with-no-image ast-magnify-disabled ast-product-tabs-layout-horizontal product type-product post-42243 status-publish instock product_cat-reports has-post-thumbnail downloadable taxable shipping-taxable purchasable product-type-simple\">\n\t<a href=\"https:\/\/new.queenston.net\/fr\/produit\/market-benchmark-metrics-report-10-transactions\/\" class=\"woocommerce-LoopProduct-link woocommerce-loop-product__link\"><img decoding=\"async\" width=\"300\" height=\"300\" src=\"https:\/\/new.queenston.net\/wp-content\/uploads\/2025\/05\/arket-Benchmark-and-Metrics-Report-10-300x300.png\" class=\"attachment-woocommerce_thumbnail size-woocommerce_thumbnail\" alt=\"Market Benchmark &amp; Metrics Report\" srcset=\"https:\/\/new.queenston.net\/wp-content\/uploads\/2025\/05\/arket-Benchmark-and-Metrics-Report-10-300x300.png 300w, https:\/\/new.queenston.net\/wp-content\/uploads\/2025\/05\/arket-Benchmark-and-Metrics-Report-10-100x100.png 100w, https:\/\/new.queenston.net\/wp-content\/uploads\/2025\/05\/arket-Benchmark-and-Metrics-Report-10-800x800.png 800w, https:\/\/new.queenston.net\/wp-content\/uploads\/2025\/05\/arket-Benchmark-and-Metrics-Report-10.png 1080w\" sizes=\"(max-width: 300px) 100vw, 300px\" \/><h2 class=\"woocommerce-loop-product__title\">Market Benchmark &#038; Metrics Report 10 Transactions<\/h2>\n\t<span class=\"price\"><span class=\"woocommerce-Price-amount amount\"><bdi><span class=\"woocommerce-Price-currencySymbol\">&#36;<\/span>2,500.00<\/bdi><\/span><\/span>\n<\/a><a href=\"\/fr\/wp-json\/wp\/v2\/pages\/42265?add-to-cart=42243\" aria-describedby=\"woocommerce_loop_add_to_cart_link_describedby_42243\" data-quantity=\"1\" class=\"button product_type_simple add_to_cart_button ajax_add_to_cart\" data-product_id=\"42243\" data-product_sku=\"\" aria-label=\"Ajouter au panier\u00a0: \u201cMarket Benchmark &amp; Metrics Report 10 Transactions\u201d\" rel=\"nofollow\" data-success_message=\"\u00ab\u00a0Market Benchmark &amp; Metrics Report 10 Transactions\u00a0\u00bb a \u00e9t\u00e9 ajout\u00e9 \u00e0 votre panier\" data-no-translation=\"\" data-trp-gettext=\"\" data-no-translation-aria-label=\"\" data-no-translation-data-success_message=\"\">Ajouter au panier<\/a>\t<span id=\"woocommerce_loop_add_to_cart_link_describedby_42243\" class=\"screen-reader-text\">\n\t\t\t<\/span>\n<\/li>\n<li class=\"desktop-align-left tablet-align-left mobile-align-left ast-product-gallery-layout-horizontal-slider ast-product-gallery-with-no-image ast-magnify-disabled ast-product-tabs-layout-horizontal product type-product post-42239 status-publish instock product_cat-reports has-post-thumbnail downloadable taxable shipping-taxable purchasable product-type-simple\">\n\t<a href=\"https:\/\/new.queenston.net\/fr\/produit\/market-benchmark-metrics-report-5-transactions\/\" class=\"woocommerce-LoopProduct-link woocommerce-loop-product__link\"><img loading=\"lazy\" decoding=\"async\" width=\"300\" height=\"300\" src=\"https:\/\/new.queenston.net\/wp-content\/uploads\/2025\/05\/arket-Benchmark-and-Metrics-Report-5-300x300.png\" class=\"attachment-woocommerce_thumbnail size-woocommerce_thumbnail\" alt=\"Market Benchmark &amp; Metrics Report\" srcset=\"https:\/\/new.queenston.net\/wp-content\/uploads\/2025\/05\/arket-Benchmark-and-Metrics-Report-5-300x300.png 300w, https:\/\/new.queenston.net\/wp-content\/uploads\/2025\/05\/arket-Benchmark-and-Metrics-Report-5-100x100.png 100w, https:\/\/new.queenston.net\/wp-content\/uploads\/2025\/05\/arket-Benchmark-and-Metrics-Report-5-800x800.png 800w, https:\/\/new.queenston.net\/wp-content\/uploads\/2025\/05\/arket-Benchmark-and-Metrics-Report-5-1024x1024.png 1024w, https:\/\/new.queenston.net\/wp-content\/uploads\/2025\/05\/arket-Benchmark-and-Metrics-Report-5-150x150.png 150w, https:\/\/new.queenston.net\/wp-content\/uploads\/2025\/05\/arket-Benchmark-and-Metrics-Report-5-768x768.png 768w, https:\/\/new.queenston.net\/wp-content\/uploads\/2025\/05\/arket-Benchmark-and-Metrics-Report-5-12x12.png 12w, https:\/\/new.queenston.net\/wp-content\/uploads\/2025\/05\/arket-Benchmark-and-Metrics-Report-5.png 1080w\" sizes=\"(max-width: 300px) 100vw, 300px\" \/><h2 class=\"woocommerce-loop-product__title\">Market Benchmark &#038; Metrics Report 5 Transactions<\/h2>\n\t<span class=\"price\"><span class=\"woocommerce-Price-amount amount\"><bdi><span class=\"woocommerce-Price-currencySymbol\">&#36;<\/span>1,500.00<\/bdi><\/span><\/span>\n<\/a><a href=\"\/fr\/wp-json\/wp\/v2\/pages\/42265?add-to-cart=42239\" aria-describedby=\"woocommerce_loop_add_to_cart_link_describedby_42239\" data-quantity=\"1\" class=\"button product_type_simple add_to_cart_button ajax_add_to_cart\" data-product_id=\"42239\" data-product_sku=\"\" aria-label=\"Ajouter au panier\u00a0: \u201cMarket Benchmark &amp; Metrics Report 5 Transactions\u201d\" rel=\"nofollow\" data-success_message=\"\u00ab\u00a0Market Benchmark &amp; Metrics Report 5 Transactions\u00a0\u00bb a \u00e9t\u00e9 ajout\u00e9 \u00e0 votre panier\" data-no-translation=\"\" data-trp-gettext=\"\" data-no-translation-aria-label=\"\" data-no-translation-data-success_message=\"\">Ajouter au panier<\/a>\t<span id=\"woocommerce_loop_add_to_cart_link_describedby_42239\" class=\"screen-reader-text\">\n\t\t\t<\/span>\n<\/li>\n<li class=\"desktop-align-left tablet-align-left mobile-align-left ast-product-gallery-layout-horizontal-slider ast-product-gallery-with-no-image ast-magnify-disabled ast-product-tabs-layout-horizontal product type-product post-42229 status-publish last instock product_cat-reports has-post-thumbnail downloadable taxable shipping-taxable purchasable product-type-simple\">\n\t<a href=\"https:\/\/new.queenston.net\/fr\/produit\/market-benchmark-metrics-report-3-transactions\/\" class=\"woocommerce-LoopProduct-link woocommerce-loop-product__link\"><img loading=\"lazy\" decoding=\"async\" width=\"300\" height=\"300\" src=\"https:\/\/new.queenston.net\/wp-content\/uploads\/2025\/05\/arket-Benchmark-and-Metrics-Report-3-300x300.png\" class=\"attachment-woocommerce_thumbnail size-woocommerce_thumbnail\" alt=\"Market Benchmark &amp; Metrics Report\" srcset=\"https:\/\/new.queenston.net\/wp-content\/uploads\/2025\/05\/arket-Benchmark-and-Metrics-Report-3-300x300.png 300w, https:\/\/new.queenston.net\/wp-content\/uploads\/2025\/05\/arket-Benchmark-and-Metrics-Report-3-100x100.png 100w, https:\/\/new.queenston.net\/wp-content\/uploads\/2025\/05\/arket-Benchmark-and-Metrics-Report-3-800x800.png 800w, https:\/\/new.queenston.net\/wp-content\/uploads\/2025\/05\/arket-Benchmark-and-Metrics-Report-3-1024x1024.png 1024w, https:\/\/new.queenston.net\/wp-content\/uploads\/2025\/05\/arket-Benchmark-and-Metrics-Report-3-150x150.png 150w, https:\/\/new.queenston.net\/wp-content\/uploads\/2025\/05\/arket-Benchmark-and-Metrics-Report-3-768x768.png 768w, https:\/\/new.queenston.net\/wp-content\/uploads\/2025\/05\/arket-Benchmark-and-Metrics-Report-3-12x12.png 12w, https:\/\/new.queenston.net\/wp-content\/uploads\/2025\/05\/arket-Benchmark-and-Metrics-Report-3.png 1080w\" sizes=\"(max-width: 300px) 100vw, 300px\" \/><h2 class=\"woocommerce-loop-product__title\">Market Benchmark &#038; Metrics Report 3 Transactions<\/h2>\n\t<span class=\"price\"><span class=\"woocommerce-Price-amount amount\"><bdi><span class=\"woocommerce-Price-currencySymbol\">&#36;<\/span>1,000.00<\/bdi><\/span><\/span>\n<\/a><a href=\"\/fr\/wp-json\/wp\/v2\/pages\/42265?add-to-cart=42229\" aria-describedby=\"woocommerce_loop_add_to_cart_link_describedby_42229\" data-quantity=\"1\" class=\"button product_type_simple add_to_cart_button ajax_add_to_cart\" data-product_id=\"42229\" data-product_sku=\"\" aria-label=\"Ajouter au panier\u00a0: \u201cMarket Benchmark &amp; Metrics Report 3 Transactions\u201d\" rel=\"nofollow\" data-success_message=\"\u00ab\u00a0Market Benchmark &amp; Metrics Report 3 Transactions\u00a0\u00bb a \u00e9t\u00e9 ajout\u00e9 \u00e0 votre panier\" data-no-translation=\"\" data-trp-gettext=\"\" data-no-translation-aria-label=\"\" data-no-translation-data-success_message=\"\">Ajouter au panier<\/a>\t<span id=\"woocommerce_loop_add_to_cart_link_describedby_42229\" class=\"screen-reader-text\">\n\t\t\t<\/span>\n<\/li>\n<\/ul>\n<\/div>\t\t\t\t<\/div>\n\t\t\t\t<\/div>\n\t\t\t\t\t<\/div>\n\t\t<\/div>\n\t\t\t\t\t<\/div>\n\t\t<\/section>\n\t\t\t\t<\/div>","protected":false},"excerpt":{"rendered":"<p>Market Benchmark &#038; Metrics Report<\/p>","protected":false},"author":1,"featured_media":0,"parent":0,"menu_order":0,"comment_status":"closed","ping_status":"closed","template":"","meta":{"site-sidebar-layout":"no-sidebar","site-content-layout":"page-builder","ast-site-content-layout":"full-width-container","site-content-style":"unboxed","site-sidebar-style":"unboxed","ast-global-header-display":"","ast-banner-title-visibility":"","ast-main-header-display":"","ast-hfb-above-header-display":"","ast-hfb-below-header-display":"","ast-hfb-mobile-header-display":"","site-post-title":"disabled","ast-breadcrumbs-content":"disabled","ast-featured-img":"disabled","footer-sml-layout":"","ast-disable-related-posts":"","theme-transparent-header-meta":"enabled","adv-header-id-meta":"","stick-header-meta":"default","header-above-stick-meta":"","header-main-stick-meta":"","header-below-stick-meta":"","astra-migrate-meta-layouts":"set","ast-page-background-enabled":"default","ast-page-background-meta":{"desktop":{"background-color":"","background-image":"","background-repeat":"repeat","background-position":"center center","background-size":"auto","background-attachment":"scroll","background-type":"","background-media":"","overlay-type":"","overlay-color":"","overlay-opacity":"","overlay-gradient":""},"tablet":{"background-color":"","background-image":"","background-repeat":"repeat","background-position":"center center","background-size":"auto","background-attachment":"scroll","background-type":"","background-media":"","overlay-type":"","overlay-color":"","overlay-opacity":"","overlay-gradient":""},"mobile":{"background-color":"","background-image":"","background-repeat":"repeat","background-position":"center center","background-size":"auto","background-attachment":"scroll","background-type":"","background-media":"","overlay-type":"","overlay-color":"","overlay-opacity":"","overlay-gradient":""}},"ast-content-background-meta":{"desktop":{"background-color":"var(--ast-global-color-5)","background-image":"","background-repeat":"repeat","background-position":"center center","background-size":"auto","background-attachment":"scroll","background-type":"","background-media":"","overlay-type":"","overlay-color":"","overlay-opacity":"","overlay-gradient":""},"tablet":{"background-color":"var(--ast-global-color-5)","background-image":"","background-repeat":"repeat","background-position":"center center","background-size":"auto","background-attachment":"scroll","background-type":"","background-media":"","overlay-type":"","overlay-color":"","overlay-opacity":"","overlay-gradient":""},"mobile":{"background-color":"var(--ast-global-color-5)","background-image":"","background-repeat":"repeat","background-position":"center center","background-size":"auto","background-attachment":"scroll","background-type":"","background-media":"","overlay-type":"","overlay-color":"","overlay-opacity":"","overlay-gradient":""}},"footnotes":""},"class_list":["post-42265","page","type-page","status-publish","hentry"],"_links":{"self":[{"href":"https:\/\/new.queenston.net\/fr\/wp-json\/wp\/v2\/pages\/42265","targetHints":{"allow":["GET"]}}],"collection":[{"href":"https:\/\/new.queenston.net\/fr\/wp-json\/wp\/v2\/pages"}],"about":[{"href":"https:\/\/new.queenston.net\/fr\/wp-json\/wp\/v2\/types\/page"}],"author":[{"embeddable":true,"href":"https:\/\/new.queenston.net\/fr\/wp-json\/wp\/v2\/users\/1"}],"replies":[{"embeddable":true,"href":"https:\/\/new.queenston.net\/fr\/wp-json\/wp\/v2\/comments?post=42265"}],"version-history":[{"count":0,"href":"https:\/\/new.queenston.net\/fr\/wp-json\/wp\/v2\/pages\/42265\/revisions"}],"wp:attachment":[{"href":"https:\/\/new.queenston.net\/fr\/wp-json\/wp\/v2\/media?parent=42265"}],"curies":[{"name":"wp","href":"https:\/\/api.w.org\/{rel}","templated":true}]}}